{"id":2093,"date":"2025-09-20T11:45:22","date_gmt":"2025-09-20T11:45:22","guid":{"rendered":"https:\/\/amdagency.fr\/?page_id=2093"},"modified":"2026-01-30T10:27:15","modified_gmt":"2026-01-30T10:27:15","slug":"insane-festival","status":"publish","type":"page","link":"https:\/\/amdagency.fr\/en\/insane-festival","title":{"rendered":"INSANE FESTIVAL"},"content":{"rendered":"<p>[et_pb_section fb_built=\u00a0\u00bb1&Prime; _builder_version=\u00a0\u00bb4.27.4&Prime; _module_preset=\u00a0\u00bbdefault\u00a0\u00bb min_height=\u00a0\u00bb100vh\u00a0\u00bb custom_padding=\u00a0\u00bb0px|||||\u00a0\u00bb global_colors_info=\u00a0\u00bb{}\u00a0\u00bb theme_builder_area=\u00a0\u00bbpost_content\u00a0\u00bb][et_pb_row column_structure=\u00a0\u00bb1_2,1_2&Prime; custom_padding_last_edited=\u00a0\u00bbon|phone\u00a0\u00bb _builder_version=\u00a0\u00bb4.27.4&Prime; _module_preset=\u00a0\u00bbdefault\u00a0\u00bb width=\u00a0\u00bb100%\u00a0\u00bb max_width=\u00a0\u00bb2560px\u00a0\u00bb custom_padding=\u00a0\u00bb0px|||||\u00a0\u00bb custom_padding_tablet=\u00a0\u00bb0px|||||\u00a0\u00bb custom_padding_phone=\u00a0\u00bb|0px||0px|false|false\u00a0\u00bb global_colors_info=\u00a0\u00bb{}\u00a0\u00bb theme_builder_area=\u00a0\u00bbpost_content\u00a0\u00bb][et_pb_column type=\u00a0\u00bb1_2&Prime; _builder_version=\u00a0\u00bb4.27.4&Prime; _module_preset=\u00a0\u00bbdefault\u00a0\u00bb background_enable_image=\u00a0\u00bboff\u00a0\u00bb global_colors_info=\u00a0\u00bb{}\u00a0\u00bb theme_builder_area=\u00a0\u00bbpost_content\u00a0\u00bb][et_pb_image src=\u00a0\u00bbhttps:\/\/amdagency.fr\/wp-content\/uploads\/2025\/09\/513281521_1226139409304242_7882838495155343310_n.jpg\u00a0\u00bb alt=\u00a0\u00bbamygdala\u00a0\u00bb title_text=\u00a0\u00bb513281521_1226139409304242_7882838495155343310_n\u00a0\u00bb module_class=\u00a0\u00bbimg-full\u00a0\u00bb _builder_version=\u00a0\u00bb4.27.4&Prime; _module_preset=\u00a0\u00bbdefault\u00a0\u00bb positioning=\u00a0\u00bbfixed\u00a0\u00bb position_origin_a_tablet=\u00a0\u00bb\u00a0\u00bb position_origin_a_phone=\u00a0\u00bb\u00a0\u00bb position_origin_a_last_edited=\u00a0\u00bbon|phone\u00a0\u00bb position_origin_f_tablet=\u00a0\u00bb\u00a0\u00bb position_origin_f_phone=\u00a0\u00bbtop_center\u00a0\u00bb position_origin_f_last_edited=\u00a0\u00bbon|phone\u00a0\u00bb position_origin_r_tablet=\u00a0\u00bb\u00a0\u00bb position_origin_r_phone=\u00a0\u00bb\u00a0\u00bb position_origin_r_last_edited=\u00a0\u00bbon|phone\u00a0\u00bb width=\u00a0\u00bb50%\u00a0\u00bb width_tablet=\u00a0\u00bb100%\u00a0\u00bb width_phone=\u00a0\u00bb100%\u00a0\u00bb width_last_edited=\u00a0\u00bbon|phone\u00a0\u00bb min_height=\u00a0\u00bb100vh\u00a0\u00bb min_height_tablet=\u00a0\u00bb\u00a0\u00bb min_height_phone=\u00a0\u00bb\u00a0\u00bb min_height_last_edited=\u00a0\u00bbon|tablet\u00a0\u00bb positioning_tablet=\u00a0\u00bbnone\u00a0\u00bb positioning_phone=\u00a0\u00bbrelative\u00a0\u00bb positioning_last_edited=\u00a0\u00bbon|phone\u00a0\u00bb global_colors_info=\u00a0\u00bb{}\u00a0\u00bb theme_builder_area=\u00a0\u00bbpost_content\u00a0\u00bb][\/et_pb_image][\/et_pb_column][et_pb_column type=\u00a0\u00bb1_2&Prime; _builder_version=\u00a0\u00bb4.27.4&Prime; _module_preset=\u00a0\u00bbdefault\u00a0\u00bb custom_padding=\u00a0\u00bb110px|50px|60px|0px|false|false\u00a0\u00bb custom_padding_tablet=\u00a0\u00bb20px|45px|20px|45px|true|true\u00a0\u00bb custom_padding_phone=\u00a0\u00bb15px|30px|15px|30px|true|true\u00a0\u00bb custom_padding_last_edited=\u00a0\u00bbon|desktop\u00a0\u00bb global_colors_info=\u00a0\u00bb{}\u00a0\u00bb theme_builder_area=\u00a0\u00bbpost_content\u00a0\u00bb][et_pb_text _builder_version=\u00a0\u00bb4.27.4&Prime; _module_preset=\u00a0\u00bbdefault\u00a0\u00bb header_font=\u00a0\u00bbMonument Extended|||on|||||\u00a0\u00bb header_font_size=\u00a0\u00bb55px\u00a0\u00bb min_height=\u00a0\u00bb18px\u00a0\u00bb custom_margin=\u00a0\u00bb||-5px|||\u00a0\u00bb header_font_size_tablet=\u00a0\u00bb45px\u00a0\u00bb header_font_size_phone=\u00a0\u00bb40px\u00a0\u00bb header_font_size_last_edited=\u00a0\u00bbon|phone\u00a0\u00bb global_colors_info=\u00a0\u00bb{}\u00a0\u00bb theme_builder_area=\u00a0\u00bbpost_content\u00a0\u00bb]<\/p>\n<h1>INSANE FESTIVAL<\/h1>\n<p>[\/et_pb_text][et_pb_social_media_follow _builder_version=\u00a0\u00bb4.27.4&Prime; _module_preset=\u00a0\u00bbdefault\u00a0\u00bb text_orientation=\u00a0\u00bbleft\u00a0\u00bb text_orientation_tablet=\u00a0\u00bbleft\u00a0\u00bb text_orientation_phone=\u00a0\u00bbleft\u00a0\u00bb text_orientation_last_edited=\u00a0\u00bbon|tablet\u00a0\u00bb global_colors_info=\u00a0\u00bb{}\u00a0\u00bb theme_builder_area=\u00a0\u00bbpost_content\u00a0\u00bb][et_pb_social_media_follow_network social_network=\u00a0\u00bbinstagram\u00a0\u00bb url=\u00a0\u00bbhttps:\/\/www.instagram.com\/insanefestival\/\u00a0\u00bb icon_color=\u00a0\u00bb#000000&Prime; use_icon_font_size=\u00a0\u00bbon\u00a0\u00bb icon_font_size=\u00a0\u00bb22px\u00a0\u00bb _builder_version=\u00a0\u00bb4.27.4&Prime; _module_preset=\u00a0\u00bbdefault\u00a0\u00bb background_color=\u00a0\u00bb#ea2c59&Prime; background_enable_color=\u00a0\u00bboff\u00a0\u00bb global_colors_info=\u00a0\u00bb{}\u00a0\u00bb theme_builder_area=\u00a0\u00bbpost_content\u00a0\u00bb follow_button=\u00a0\u00bboff\u00a0\u00bb url_new_window=\u00a0\u00bbon\u00a0\u00bb]instagram[\/et_pb_social_media_follow_network][et_pb_social_media_follow_network social_network=\u00a0\u00bbfacebook\u00a0\u00bb url=\u00a0\u00bbhttps:\/\/www.facebook.com\/insanefestival\/\u00a0\u00bb icon_color=\u00a0\u00bb#000000&Prime; use_icon_font_size=\u00a0\u00bbon\u00a0\u00bb icon_font_size=\u00a0\u00bb22px\u00a0\u00bb _builder_version=\u00a0\u00bb4.27.4&Prime; _module_preset=\u00a0\u00bbdefault\u00a0\u00bb background_enable_color=\u00a0\u00bboff\u00a0\u00bb global_colors_info=\u00a0\u00bb{}\u00a0\u00bb theme_builder_area=\u00a0\u00bbpost_content\u00a0\u00bb follow_button=\u00a0\u00bboff\u00a0\u00bb url_new_window=\u00a0\u00bbon\u00a0\u00bb]facebook[\/et_pb_social_media_follow_network][et_pb_social_media_follow_network social_network=\u00a0\u00bbyoutube\u00a0\u00bb url=\u00a0\u00bbhttps:\/\/www.youtube.com\/user\/InsaneFestival\u00a0\u00bb icon_color=\u00a0\u00bb#000000&Prime; use_icon_font_size=\u00a0\u00bbon\u00a0\u00bb icon_font_size=\u00a0\u00bb22px\u00a0\u00bb _builder_version=\u00a0\u00bb4.27.4&Prime; _module_preset=\u00a0\u00bbdefault\u00a0\u00bb background_color=\u00a0\u00bb#a82400&Prime; background_enable_color=\u00a0\u00bboff\u00a0\u00bb global_colors_info=\u00a0\u00bb{}\u00a0\u00bb theme_builder_area=\u00a0\u00bbpost_content\u00a0\u00bb follow_button=\u00a0\u00bboff\u00a0\u00bb url_new_window=\u00a0\u00bbon\u00a0\u00bb]youtube[\/et_pb_social_media_follow_network][et_pb_social_media_follow_network social_network=\u00a0\u00bblinkedin\u00a0\u00bb url=\u00a0\u00bbhttps:\/\/www.linkedin.com\/company\/insane-festival\/\u00a0\u00bb icon_color=\u00a0\u00bb#000000&Prime; use_icon_font_size=\u00a0\u00bbon\u00a0\u00bb icon_font_size=\u00a0\u00bb22px\u00a0\u00bb _builder_version=\u00a0\u00bb4.27.4&Prime; _module_preset=\u00a0\u00bbdefault\u00a0\u00bb background_color=\u00a0\u00bb#007bb6&Prime; background_enable_color=\u00a0\u00bboff\u00a0\u00bb global_colors_info=\u00a0\u00bb{}\u00a0\u00bb theme_builder_area=\u00a0\u00bbpost_content\u00a0\u00bb follow_button=\u00a0\u00bboff\u00a0\u00bb url_new_window=\u00a0\u00bbon\u00a0\u00bb]linkedin[\/et_pb_social_media_follow_network][\/et_pb_social_media_follow][et_pb_text _builder_version=\u00a0\u00bb4.27.4&Prime; _module_preset=\u00a0\u00bbdefault\u00a0\u00bb header_font=\u00a0\u00bbMonument Extended||||||||\u00a0\u00bb header_font_size=\u00a0\u00bb55px\u00a0\u00bb header_3_font=\u00a0\u00bbMonument Extended||||||||\u00a0\u00bb min_height=\u00a0\u00bb18px\u00a0\u00bb custom_margin=\u00a0\u00bb||18px|||\u00a0\u00bb global_colors_info=\u00a0\u00bb{}\u00a0\u00bb theme_builder_area=\u00a0\u00bbpost_content\u00a0\u00bb]<\/p>\n<h3>\u00c0 PROPOS<\/h3>\n<p>[\/et_pb_text][et_pb_text _builder_version=\u00a0\u00bb4.27.4&Prime; _module_preset=\u00a0\u00bbdefault\u00a0\u00bb text_font=\u00a0\u00bbRoboto Flex|300|||||||\u00a0\u00bb text_text_color=\u00a0\u00bb#494949&Prime; text_font_size=\u00a0\u00bb15px\u00a0\u00bb text_line_height=\u00a0\u00bb1.3em\u00a0\u00bb global_colors_info=\u00a0\u00bb{}\u00a0\u00bb theme_builder_area=\u00a0\u00bbpost_content\u00a0\u00bb]<\/p>\n<p>L\u2019univers de Insane est devenu l\u2019\u00e9v\u00e9nement incontournable de l\u2019\u00e9t\u00e9.<\/p>\n<p>Insane a d\u00e9marr\u00e9 au parc des expositions d\u2019Avignon en pr\u00e9sentant un univers underground, m\u00ealant techno, trance et hard-music.<br \/>Le festival a ensuite continu\u00e9 son ascension au parc expo de Toulouse.<\/p>\n<p>En 2018, victime de son succ\u00e8s Insane s\u2019est d\u00e9plac\u00e9 \u00e0 APT, en proposant pour la premi\u00e8re fois un ext\u00e9rieur ainsi qu\u2019un espace camping.<br \/>Il devient ainsi un festival incontournable du Sud de la France, rassemblant plusieurs dizaines de milliers de personnes chaque ann\u00e9e. Connu pour ses programmations pointues, le festival s\u2019est \u00e9tendu vers le rap, la musique fran\u00e7aise et \u00e9lectronique de tous styles.<\/p>\n<p>En 2019, c\u2019est l\u2019association<span>\u00a0<\/span><strong>AMD (Apt Musique &amp; D\u00e9veloppement)<\/strong><span>\u00a0<\/span>qui a repris la direction du festival. Domicili\u00e9e \u00e0 Apt, elle se d\u00e9veloppe \u00e0 travers la production et l\u2019organisation d\u2019\u00e9v\u00e9nements culturels \u00e0 forte valeur ajout\u00e9e, elle a pour projet de d\u00e9velopper la musique actuelle dans le pays du Luberon.<\/p>\n<p>Apr\u00e8s une ann\u00e9e 2020 \u00e0 vide et une ann\u00e9e 2021 en format r\u00e9duit, 2022 a sign\u00e9 le grand retour en offrant 3 jours de f\u00eate aux abords du plan d\u2019eau d\u2019Apt.<\/p>\n<p>Cette ann\u00e9e, l\u2019\u00e9dition 2025<span>\u00a0<\/span><span class=\"s1\"><\/span>l\u2019\u00e9dition f\u00eate ses 10 sur 3 jours, sur la th\u00e9matique de la dixi\u00e8me dimension!<\/p>\n<p>[\/et_pb_text][et_pb_button button_url=\u00a0\u00bbhttps:\/\/insanefestival.com\/\u00a0\u00bb url_new_window=\u00a0\u00bbon\u00a0\u00bb button_text=\u00a0\u00bbVoir le site web\u00a0\u00bb _builder_version=\u00a0\u00bb4.27.4&Prime; _module_preset=\u00a0\u00bbdefault\u00a0\u00bb custom_button=\u00a0\u00bbon\u00a0\u00bb button_text_size=\u00a0\u00bb17px\u00a0\u00bb button_text_color=\u00a0\u00bb#FFFFFF\u00a0\u00bb button_bg_color=\u00a0\u00bb#000000&Prime; button_border_width=\u00a0\u00bb0px\u00a0\u00bb button_border_radius=\u00a0\u00bb10px\u00a0\u00bb button_font=\u00a0\u00bbRoboto Flex||||||||\u00a0\u00bb button_icon=\u00a0\u00bb&#xe03c;||divi||400&Prime; global_colors_info=\u00a0\u00bb{}\u00a0\u00bb theme_builder_area=\u00a0\u00bbpost_content\u00a0\u00bb][\/et_pb_button][et_pb_video src=\u00a0\u00bbhttps:\/\/www.youtube.com\/watch?v=8w_3WEiFCHM\u00a0\u00bb _builder_version=\u00a0\u00bb4.27.4&Prime; _module_preset=\u00a0\u00bbdefault\u00a0\u00bb global_colors_info=\u00a0\u00bb{}\u00a0\u00bb theme_builder_area=\u00a0\u00bbpost_content\u00a0\u00bb][\/et_pb_video][\/et_pb_column][\/et_pb_row][\/et_pb_section]<\/p>\n","protected":false},"excerpt":{"rendered":"<p>INSANE FESTIVAL\u00c0 PROPOSL\u2019univers de Insane est devenu l\u2019\u00e9v\u00e9nement incontournable de l\u2019\u00e9t\u00e9. Insane a d\u00e9marr\u00e9 au parc des expositions d\u2019Avignon en pr\u00e9sentant un univers underground, m\u00ealant techno, trance et hard-music.Le festival a ensuite continu\u00e9 son ascension au parc expo de Toulouse. En 2018, victime de son succ\u00e8s Insane s\u2019est d\u00e9plac\u00e9 \u00e0 APT, en proposant pour la [&hellip;]<\/p>\n","protected":false},"author":1,"featured_media":0,"parent":0,"menu_order":0,"comment_status":"closed","ping_status":"closed","template":"","meta":{"_et_pb_use_builder":"on","_et_pb_old_content":"<!-- wp:divi\/placeholder \/-->","_et_gb_content_width":"","footnotes":""},"class_list":["post-2093","page","type-page","status-publish","hentry"],"yoast_head":"<!-- This site is optimized with the Yoast SEO plugin v27.3 - https:\/\/yoast.com\/product\/yoast-seo-wordpress\/ -->\n<title>INSANE FESTIVAL - AMD<\/title>\n<meta name=\"robots\" content=\"index, follow, max-snippet:-1, max-image-preview:large, max-video-preview:-1\" \/>\n<link rel=\"canonical\" href=\"https:\/\/amdagency.fr\/en\/insane-festival\/\" \/>\n<meta property=\"og:locale\" content=\"en_US\" \/>\n<meta property=\"og:type\" content=\"article\" \/>\n<meta property=\"og:title\" content=\"INSANE FESTIVAL - AMD\" \/>\n<meta property=\"og:description\" content=\"INSANE FESTIVAL\u00c0 PROPOSL\u2019univers de Insane est devenu l\u2019\u00e9v\u00e9nement incontournable de l\u2019\u00e9t\u00e9. Insane a d\u00e9marr\u00e9 au parc des expositions d\u2019Avignon en pr\u00e9sentant un univers underground, m\u00ealant techno, trance et hard-music.Le festival a ensuite continu\u00e9 son ascension au parc expo de Toulouse. En 2018, victime de son succ\u00e8s Insane s\u2019est d\u00e9plac\u00e9 \u00e0 APT, en proposant pour la [&hellip;]\" \/>\n<meta property=\"og:url\" content=\"https:\/\/amdagency.fr\/en\/insane-festival\/\" \/>\n<meta property=\"og:site_name\" content=\"AMD\" \/>\n<meta property=\"article:modified_time\" content=\"2026-01-30T10:27:15+00:00\" \/>\n<meta name=\"twitter:card\" content=\"summary_large_image\" \/>\n<script type=\"application\/ld+json\" class=\"yoast-schema-graph\">{\"@context\":\"https:\\\/\\\/schema.org\",\"@graph\":[{\"@type\":\"WebPage\",\"@id\":\"https:\\\/\\\/amdagency.fr\\\/insane-festival\",\"url\":\"https:\\\/\\\/amdagency.fr\\\/insane-festival\",\"name\":\"INSANE FESTIVAL - AMD\",\"isPartOf\":{\"@id\":\"https:\\\/\\\/amdagency.fr\\\/#website\"},\"datePublished\":\"2025-09-20T11:45:22+00:00\",\"dateModified\":\"2026-01-30T10:27:15+00:00\",\"breadcrumb\":{\"@id\":\"https:\\\/\\\/amdagency.fr\\\/insane-festival#breadcrumb\"},\"inLanguage\":\"en-US\",\"potentialAction\":[{\"@type\":\"ReadAction\",\"target\":[\"https:\\\/\\\/amdagency.fr\\\/insane-festival\"]}]},{\"@type\":\"BreadcrumbList\",\"@id\":\"https:\\\/\\\/amdagency.fr\\\/insane-festival#breadcrumb\",\"itemListElement\":[{\"@type\":\"ListItem\",\"position\":1,\"name\":\"Accueil\",\"item\":\"https:\\\/\\\/amdagency.fr\\\/\"},{\"@type\":\"ListItem\",\"position\":2,\"name\":\"INSANE FESTIVAL\"}]},{\"@type\":\"WebSite\",\"@id\":\"https:\\\/\\\/amdagency.fr\\\/#website\",\"url\":\"https:\\\/\\\/amdagency.fr\\\/\",\"name\":\"AMD\",\"description\":\"Agence de booking\",\"potentialAction\":[{\"@type\":\"SearchAction\",\"target\":{\"@type\":\"EntryPoint\",\"urlTemplate\":\"https:\\\/\\\/amdagency.fr\\\/?s={search_term_string}\"},\"query-input\":{\"@type\":\"PropertyValueSpecification\",\"valueRequired\":true,\"valueName\":\"search_term_string\"}}],\"inLanguage\":\"en-US\"}]}<\/script>\n<!-- \/ Yoast SEO plugin. -->","yoast_head_json":{"title":"INSANE FESTIVAL - AMD","robots":{"index":"index","follow":"follow","max-snippet":"max-snippet:-1","max-image-preview":"max-image-preview:large","max-video-preview":"max-video-preview:-1"},"canonical":"https:\/\/amdagency.fr\/en\/insane-festival\/","og_locale":"en_US","og_type":"article","og_title":"INSANE FESTIVAL - AMD","og_description":"INSANE FESTIVAL\u00c0 PROPOSL\u2019univers de Insane est devenu l\u2019\u00e9v\u00e9nement incontournable de l\u2019\u00e9t\u00e9. Insane a d\u00e9marr\u00e9 au parc des expositions d\u2019Avignon en pr\u00e9sentant un univers underground, m\u00ealant techno, trance et hard-music.Le festival a ensuite continu\u00e9 son ascension au parc expo de Toulouse. En 2018, victime de son succ\u00e8s Insane s\u2019est d\u00e9plac\u00e9 \u00e0 APT, en proposant pour la [&hellip;]","og_url":"https:\/\/amdagency.fr\/en\/insane-festival\/","og_site_name":"AMD","article_modified_time":"2026-01-30T10:27:15+00:00","twitter_card":"summary_large_image","schema":{"@context":"https:\/\/schema.org","@graph":[{"@type":"WebPage","@id":"https:\/\/amdagency.fr\/insane-festival","url":"https:\/\/amdagency.fr\/insane-festival","name":"INSANE FESTIVAL - AMD","isPartOf":{"@id":"https:\/\/amdagency.fr\/#website"},"datePublished":"2025-09-20T11:45:22+00:00","dateModified":"2026-01-30T10:27:15+00:00","breadcrumb":{"@id":"https:\/\/amdagency.fr\/insane-festival#breadcrumb"},"inLanguage":"en-US","potentialAction":[{"@type":"ReadAction","target":["https:\/\/amdagency.fr\/insane-festival"]}]},{"@type":"BreadcrumbList","@id":"https:\/\/amdagency.fr\/insane-festival#breadcrumb","itemListElement":[{"@type":"ListItem","position":1,"name":"Accueil","item":"https:\/\/amdagency.fr\/"},{"@type":"ListItem","position":2,"name":"INSANE FESTIVAL"}]},{"@type":"WebSite","@id":"https:\/\/amdagency.fr\/#website","url":"https:\/\/amdagency.fr\/","name":"AMD","description":"Agence de booking","potentialAction":[{"@type":"SearchAction","target":{"@type":"EntryPoint","urlTemplate":"https:\/\/amdagency.fr\/?s={search_term_string}"},"query-input":{"@type":"PropertyValueSpecification","valueRequired":true,"valueName":"search_term_string"}}],"inLanguage":"en-US"}]}},"_links":{"self":[{"href":"https:\/\/amdagency.fr\/en\/wp-json\/wp\/v2\/pages\/2093","targetHints":{"allow":["GET"]}}],"collection":[{"href":"https:\/\/amdagency.fr\/en\/wp-json\/wp\/v2\/pages"}],"about":[{"href":"https:\/\/amdagency.fr\/en\/wp-json\/wp\/v2\/types\/page"}],"author":[{"embeddable":true,"href":"https:\/\/amdagency.fr\/en\/wp-json\/wp\/v2\/users\/1"}],"replies":[{"embeddable":true,"href":"https:\/\/amdagency.fr\/en\/wp-json\/wp\/v2\/comments?post=2093"}],"version-history":[{"count":4,"href":"https:\/\/amdagency.fr\/en\/wp-json\/wp\/v2\/pages\/2093\/revisions"}],"predecessor-version":[{"id":3629,"href":"https:\/\/amdagency.fr\/en\/wp-json\/wp\/v2\/pages\/2093\/revisions\/3629"}],"wp:attachment":[{"href":"https:\/\/amdagency.fr\/en\/wp-json\/wp\/v2\/media?parent=2093"}],"curies":[{"name":"wp","href":"https:\/\/api.w.org\/{rel}","templated":true}]}}