{"id":2218,"date":"2026-01-08T15:43:45","date_gmt":"2026-01-08T15:43:45","guid":{"rendered":"https:\/\/amdagency.fr\/?page_id=2218"},"modified":"2026-01-30T10:26:30","modified_gmt":"2026-01-30T10:26:30","slug":"enjoy-festival","status":"publish","type":"page","link":"https:\/\/amdagency.fr\/en\/enjoy-festival","title":{"rendered":"Enjoy Festival"},"content":{"rendered":"<p>[et_pb_section fb_built=\u00a0\u00bb1&Prime; _builder_version=\u00a0\u00bb4.27.4&Prime; _module_preset=\u00a0\u00bbdefault\u00a0\u00bb min_height=\u00a0\u00bb100vh\u00a0\u00bb custom_padding=\u00a0\u00bb0px|||||\u00a0\u00bb global_colors_info=\u00a0\u00bb{}\u00a0\u00bb][et_pb_row column_structure=\u00a0\u00bb1_2,1_2&Prime; custom_padding_last_edited=\u00a0\u00bbon|phone\u00a0\u00bb _builder_version=\u00a0\u00bb4.27.4&Prime; _module_preset=\u00a0\u00bbdefault\u00a0\u00bb width=\u00a0\u00bb100%\u00a0\u00bb max_width=\u00a0\u00bb2560px\u00a0\u00bb custom_padding=\u00a0\u00bb0px|||||\u00a0\u00bb custom_padding_tablet=\u00a0\u00bb0px|||||\u00a0\u00bb custom_padding_phone=\u00a0\u00bb|0px||0px|false|false\u00a0\u00bb global_colors_info=\u00a0\u00bb{}\u00a0\u00bb][et_pb_column type=\u00a0\u00bb1_2&Prime; _builder_version=\u00a0\u00bb4.27.4&Prime; _module_preset=\u00a0\u00bbdefault\u00a0\u00bb background_enable_image=\u00a0\u00bboff\u00a0\u00bb global_colors_info=\u00a0\u00bb{}\u00a0\u00bb][et_pb_image src=\u00a0\u00bbhttps:\/\/amdagency.fr\/wp-content\/uploads\/2026\/01\/498135395_3930397370532588_6226003961453219206_n.jpg\u00a0\u00bb alt=\u00a0\u00bbamygdala\u00a0\u00bb title_text=\u00a0\u00bb498135395_3930397370532588_6226003961453219206_n\u00a0\u00bb module_class=\u00a0\u00bbimg-full\u00a0\u00bb _builder_version=\u00a0\u00bb4.27.5&Prime; _module_preset=\u00a0\u00bbdefault\u00a0\u00bb positioning=\u00a0\u00bbfixed\u00a0\u00bb position_origin_a_tablet=\u00a0\u00bb\u00a0\u00bb position_origin_a_phone=\u00a0\u00bb\u00a0\u00bb position_origin_a_last_edited=\u00a0\u00bbon|phone\u00a0\u00bb position_origin_f_tablet=\u00a0\u00bb\u00a0\u00bb position_origin_f_phone=\u00a0\u00bbtop_center\u00a0\u00bb position_origin_f_last_edited=\u00a0\u00bbon|phone\u00a0\u00bb position_origin_r_tablet=\u00a0\u00bb\u00a0\u00bb position_origin_r_phone=\u00a0\u00bb\u00a0\u00bb position_origin_r_last_edited=\u00a0\u00bbon|phone\u00a0\u00bb width=\u00a0\u00bb50%\u00a0\u00bb width_tablet=\u00a0\u00bb100%\u00a0\u00bb width_phone=\u00a0\u00bb100%\u00a0\u00bb width_last_edited=\u00a0\u00bbon|phone\u00a0\u00bb min_height=\u00a0\u00bb100vh\u00a0\u00bb min_height_tablet=\u00a0\u00bb\u00a0\u00bb min_height_phone=\u00a0\u00bb\u00a0\u00bb min_height_last_edited=\u00a0\u00bbon|tablet\u00a0\u00bb hover_enabled=\u00a0\u00bb0&Prime; positioning_tablet=\u00a0\u00bbnone\u00a0\u00bb positioning_phone=\u00a0\u00bbrelative\u00a0\u00bb positioning_last_edited=\u00a0\u00bbon|phone\u00a0\u00bb global_colors_info=\u00a0\u00bb{}\u00a0\u00bb sticky_enabled=\u00a0\u00bb0&Prime;][\/et_pb_image][\/et_pb_column][et_pb_column type=\u00a0\u00bb1_2&Prime; _builder_version=\u00a0\u00bb4.27.4&Prime; _module_preset=\u00a0\u00bbdefault\u00a0\u00bb custom_padding=\u00a0\u00bb110px|50px|60px|0px|false|false\u00a0\u00bb custom_padding_tablet=\u00a0\u00bb20px|45px|20px|45px|true|true\u00a0\u00bb custom_padding_phone=\u00a0\u00bb15px|30px|15px|30px|true|true\u00a0\u00bb custom_padding_last_edited=\u00a0\u00bbon|desktop\u00a0\u00bb global_colors_info=\u00a0\u00bb{}\u00a0\u00bb][et_pb_text _builder_version=\u00a0\u00bb4.27.5&Prime; _module_preset=\u00a0\u00bbdefault\u00a0\u00bb header_font=\u00a0\u00bbMonument Extended|||on|||||\u00a0\u00bb header_font_size=\u00a0\u00bb55px\u00a0\u00bb min_height=\u00a0\u00bb18px\u00a0\u00bb custom_margin=\u00a0\u00bb||-5px|||\u00a0\u00bb header_font_size_tablet=\u00a0\u00bb45px\u00a0\u00bb header_font_size_phone=\u00a0\u00bb40px\u00a0\u00bb header_font_size_last_edited=\u00a0\u00bbon|phone\u00a0\u00bb global_colors_info=\u00a0\u00bb{}\u00a0\u00bb]<\/p>\n<h1>enjoy festival<\/h1>\n<p>[\/et_pb_text][et_pb_social_media_follow _builder_version=\u00a0\u00bb4.27.5&Prime; _module_preset=\u00a0\u00bbdefault\u00a0\u00bb text_orientation=\u00a0\u00bbleft\u00a0\u00bb text_orientation_tablet=\u00a0\u00bbleft\u00a0\u00bb text_orientation_phone=\u00a0\u00bbleft\u00a0\u00bb text_orientation_last_edited=\u00a0\u00bbon|tablet\u00a0\u00bb global_colors_info=\u00a0\u00bb{}\u00a0\u00bb][et_pb_social_media_follow_network social_network=\u00a0\u00bbfacebook\u00a0\u00bb url=\u00a0\u00bbhttps:\/\/www.facebook.com\/people\/Enjooy-Festival\/61573727048678\/\u00a0\u00bb icon_color=\u00a0\u00bb#000000&Prime; use_icon_font_size=\u00a0\u00bbon\u00a0\u00bb icon_font_size=\u00a0\u00bb22px\u00a0\u00bb _builder_version=\u00a0\u00bb4.27.5&Prime; _module_preset=\u00a0\u00bbdefault\u00a0\u00bb background_enable_color=\u00a0\u00bboff\u00a0\u00bb global_colors_info=\u00a0\u00bb{}\u00a0\u00bb follow_button=\u00a0\u00bboff\u00a0\u00bb url_new_window=\u00a0\u00bbon\u00a0\u00bb]facebook[\/et_pb_social_media_follow_network][et_pb_social_media_follow_network social_network=\u00a0\u00bbinstagram\u00a0\u00bb url=\u00a0\u00bbhttps:\/\/www.instagram.com\/enjooyfestival\/\u00a0\u00bb icon_color=\u00a0\u00bb#000000&Prime; use_icon_font_size=\u00a0\u00bbon\u00a0\u00bb icon_font_size=\u00a0\u00bb22px\u00a0\u00bb _builder_version=\u00a0\u00bb4.27.5&Prime; _module_preset=\u00a0\u00bbdefault\u00a0\u00bb background_color=\u00a0\u00bb#ea2c59&Prime; background_enable_color=\u00a0\u00bboff\u00a0\u00bb global_colors_info=\u00a0\u00bb{}\u00a0\u00bb follow_button=\u00a0\u00bboff\u00a0\u00bb url_new_window=\u00a0\u00bbon\u00a0\u00bb]instagram[\/et_pb_social_media_follow_network][et_pb_social_media_follow_network social_network=\u00a0\u00bbtiktok\u00a0\u00bb url=\u00a0\u00bbhttps:\/\/www.tiktok.com\/@enjooy.festival?lang=fr\u00a0\u00bb icon_color=\u00a0\u00bb#000000&Prime; use_icon_font_size=\u00a0\u00bbon\u00a0\u00bb icon_font_size=\u00a0\u00bb22px\u00a0\u00bb _builder_version=\u00a0\u00bb4.27.5&Prime; _module_preset=\u00a0\u00bbdefault\u00a0\u00bb background_color=\u00a0\u00bb#fe2c55&Prime; background_enable_color=\u00a0\u00bboff\u00a0\u00bb global_colors_info=\u00a0\u00bb{}\u00a0\u00bb follow_button=\u00a0\u00bboff\u00a0\u00bb url_new_window=\u00a0\u00bbon\u00a0\u00bb]tiktok[\/et_pb_social_media_follow_network][\/et_pb_social_media_follow][et_pb_text _builder_version=\u00a0\u00bb4.27.4&Prime; _module_preset=\u00a0\u00bbdefault\u00a0\u00bb header_font=\u00a0\u00bbMonument Extended||||||||\u00a0\u00bb header_font_size=\u00a0\u00bb55px\u00a0\u00bb header_3_font=\u00a0\u00bbMonument Extended||||||||\u00a0\u00bb min_height=\u00a0\u00bb18px\u00a0\u00bb custom_margin=\u00a0\u00bb||18px|||\u00a0\u00bb global_colors_info=\u00a0\u00bb{}\u00a0\u00bb]<\/p>\n<h3>\u00c0 PROPOS<\/h3>\n<p>[\/et_pb_text][et_pb_text _builder_version=\u00a0\u00bb4.27.5&Prime; _module_preset=\u00a0\u00bbdefault\u00a0\u00bb text_font=\u00a0\u00bbRoboto Flex|300|||||||\u00a0\u00bb text_text_color=\u00a0\u00bb#494949&Prime; text_font_size=\u00a0\u00bb15px\u00a0\u00bb text_line_height=\u00a0\u00bb1.3em\u00a0\u00bb global_colors_info=\u00a0\u00bb{}\u00a0\u00bb]<\/p>\n<p><span><strong>ENJOOY Festival<\/strong>, c\u2019est un festival de musique pens\u00e9 pour tous, aussi bien pour les passionn\u00e9s que pour ceux qui souhaitent simplement d\u00e9couvrir l\u2019univers \u00e9lectro dans une ambiance conviviale et festive.<br \/><\/span><br \/><span>Leur objectif : rendre la musique accessible \u00e0 chacun, quel que soit son \u00e2ge ou son niveau de connaissance.<br \/><\/span><br \/><span>Pour garantir une exp\u00e9rience sereine et s\u00e9curis\u00e9e, le festival met en place un dispositif complet\u00a0: \u00e9quipes de s\u00e9curit\u00e9 exp\u00e9riment\u00e9es, et navettes gratuites en flux continu depuis Pont de S\u00e8te, Montpellier et Lattes Centre.<\/span><\/p>\n<p>[\/et_pb_text][et_pb_button button_url=\u00a0\u00bbhttps:\/\/enjooyfestival.fr\/\u00a0\u00bb url_new_window=\u00a0\u00bbon\u00a0\u00bb button_text=\u00a0\u00bbVoir le site web\u00a0\u00bb _builder_version=\u00a0\u00bb4.27.5&Prime; _module_preset=\u00a0\u00bbdefault\u00a0\u00bb custom_button=\u00a0\u00bbon\u00a0\u00bb button_text_size=\u00a0\u00bb17px\u00a0\u00bb button_text_color=\u00a0\u00bb#FFFFFF\u00a0\u00bb button_bg_color=\u00a0\u00bb#000000&Prime; button_border_width=\u00a0\u00bb0px\u00a0\u00bb button_border_radius=\u00a0\u00bb10px\u00a0\u00bb button_font=\u00a0\u00bbRoboto Flex||||||||\u00a0\u00bb button_icon=\u00a0\u00bb&#xe03c;||divi||400&Prime; global_colors_info=\u00a0\u00bb{}\u00a0\u00bb][\/et_pb_button][\/et_pb_column][\/et_pb_row][\/et_pb_section]<\/p>\n","protected":false},"excerpt":{"rendered":"<p>enjoy festival\u00c0 PROPOSENJOOY Festival, c\u2019est un festival de musique pens\u00e9 pour tous, aussi bien pour les passionn\u00e9s que pour ceux qui souhaitent simplement d\u00e9couvrir l\u2019univers \u00e9lectro dans une ambiance conviviale et festive.Leur objectif : rendre la musique accessible \u00e0 chacun, quel que soit son \u00e2ge ou son niveau de connaissance.Pour garantir une exp\u00e9rience sereine et [&hellip;]<\/p>\n","protected":false},"author":1,"featured_media":0,"parent":0,"menu_order":0,"comment_status":"closed","ping_status":"closed","template":"","meta":{"_et_pb_use_builder":"on","_et_pb_old_content":"<!-- wp:divi\/placeholder \/-->","_et_gb_content_width":"","footnotes":""},"class_list":["post-2218","page","type-page","status-publish","hentry"],"yoast_head":"<!-- This site is optimized with the Yoast SEO plugin v27.3 - https:\/\/yoast.com\/product\/yoast-seo-wordpress\/ -->\n<title>Enjoy Festival - AMD<\/title>\n<meta name=\"robots\" content=\"index, follow, max-snippet:-1, max-image-preview:large, max-video-preview:-1\" \/>\n<link rel=\"canonical\" href=\"https:\/\/amdagency.fr\/en\/enjoy-festival\/\" \/>\n<meta property=\"og:locale\" content=\"en_US\" \/>\n<meta property=\"og:type\" content=\"article\" \/>\n<meta property=\"og:title\" content=\"Enjoy Festival - AMD\" \/>\n<meta property=\"og:description\" content=\"enjoy festival\u00c0 PROPOSENJOOY Festival, c\u2019est un festival de musique pens\u00e9 pour tous, aussi bien pour les passionn\u00e9s que pour ceux qui souhaitent simplement d\u00e9couvrir l\u2019univers \u00e9lectro dans une ambiance conviviale et festive.Leur objectif : rendre la musique accessible \u00e0 chacun, quel que soit son \u00e2ge ou son niveau de connaissance.Pour garantir une exp\u00e9rience sereine et [&hellip;]\" \/>\n<meta property=\"og:url\" content=\"https:\/\/amdagency.fr\/en\/enjoy-festival\/\" \/>\n<meta property=\"og:site_name\" content=\"AMD\" \/>\n<meta property=\"article:modified_time\" content=\"2026-01-30T10:26:30+00:00\" \/>\n<meta name=\"twitter:card\" content=\"summary_large_image\" \/>\n<script type=\"application\/ld+json\" class=\"yoast-schema-graph\">{\"@context\":\"https:\\\/\\\/schema.org\",\"@graph\":[{\"@type\":\"WebPage\",\"@id\":\"https:\\\/\\\/amdagency.fr\\\/enjoy-festival\",\"url\":\"https:\\\/\\\/amdagency.fr\\\/enjoy-festival\",\"name\":\"Enjoy Festival - AMD\",\"isPartOf\":{\"@id\":\"https:\\\/\\\/amdagency.fr\\\/#website\"},\"datePublished\":\"2026-01-08T15:43:45+00:00\",\"dateModified\":\"2026-01-30T10:26:30+00:00\",\"breadcrumb\":{\"@id\":\"https:\\\/\\\/amdagency.fr\\\/enjoy-festival#breadcrumb\"},\"inLanguage\":\"en-US\",\"potentialAction\":[{\"@type\":\"ReadAction\",\"target\":[\"https:\\\/\\\/amdagency.fr\\\/enjoy-festival\"]}]},{\"@type\":\"BreadcrumbList\",\"@id\":\"https:\\\/\\\/amdagency.fr\\\/enjoy-festival#breadcrumb\",\"itemListElement\":[{\"@type\":\"ListItem\",\"position\":1,\"name\":\"Accueil\",\"item\":\"https:\\\/\\\/amdagency.fr\\\/\"},{\"@type\":\"ListItem\",\"position\":2,\"name\":\"Enjoy Festival\"}]},{\"@type\":\"WebSite\",\"@id\":\"https:\\\/\\\/amdagency.fr\\\/#website\",\"url\":\"https:\\\/\\\/amdagency.fr\\\/\",\"name\":\"AMD\",\"description\":\"Agence de booking\",\"potentialAction\":[{\"@type\":\"SearchAction\",\"target\":{\"@type\":\"EntryPoint\",\"urlTemplate\":\"https:\\\/\\\/amdagency.fr\\\/?s={search_term_string}\"},\"query-input\":{\"@type\":\"PropertyValueSpecification\",\"valueRequired\":true,\"valueName\":\"search_term_string\"}}],\"inLanguage\":\"en-US\"}]}<\/script>\n<!-- \/ Yoast SEO plugin. -->","yoast_head_json":{"title":"Enjoy Festival - AMD","robots":{"index":"index","follow":"follow","max-snippet":"max-snippet:-1","max-image-preview":"max-image-preview:large","max-video-preview":"max-video-preview:-1"},"canonical":"https:\/\/amdagency.fr\/en\/enjoy-festival\/","og_locale":"en_US","og_type":"article","og_title":"Enjoy Festival - AMD","og_description":"enjoy festival\u00c0 PROPOSENJOOY Festival, c\u2019est un festival de musique pens\u00e9 pour tous, aussi bien pour les passionn\u00e9s que pour ceux qui souhaitent simplement d\u00e9couvrir l\u2019univers \u00e9lectro dans une ambiance conviviale et festive.Leur objectif : rendre la musique accessible \u00e0 chacun, quel que soit son \u00e2ge ou son niveau de connaissance.Pour garantir une exp\u00e9rience sereine et [&hellip;]","og_url":"https:\/\/amdagency.fr\/en\/enjoy-festival\/","og_site_name":"AMD","article_modified_time":"2026-01-30T10:26:30+00:00","twitter_card":"summary_large_image","schema":{"@context":"https:\/\/schema.org","@graph":[{"@type":"WebPage","@id":"https:\/\/amdagency.fr\/enjoy-festival","url":"https:\/\/amdagency.fr\/enjoy-festival","name":"Enjoy Festival - AMD","isPartOf":{"@id":"https:\/\/amdagency.fr\/#website"},"datePublished":"2026-01-08T15:43:45+00:00","dateModified":"2026-01-30T10:26:30+00:00","breadcrumb":{"@id":"https:\/\/amdagency.fr\/enjoy-festival#breadcrumb"},"inLanguage":"en-US","potentialAction":[{"@type":"ReadAction","target":["https:\/\/amdagency.fr\/enjoy-festival"]}]},{"@type":"BreadcrumbList","@id":"https:\/\/amdagency.fr\/enjoy-festival#breadcrumb","itemListElement":[{"@type":"ListItem","position":1,"name":"Accueil","item":"https:\/\/amdagency.fr\/"},{"@type":"ListItem","position":2,"name":"Enjoy Festival"}]},{"@type":"WebSite","@id":"https:\/\/amdagency.fr\/#website","url":"https:\/\/amdagency.fr\/","name":"AMD","description":"Agence de booking","potentialAction":[{"@type":"SearchAction","target":{"@type":"EntryPoint","urlTemplate":"https:\/\/amdagency.fr\/?s={search_term_string}"},"query-input":{"@type":"PropertyValueSpecification","valueRequired":true,"valueName":"search_term_string"}}],"inLanguage":"en-US"}]}},"_links":{"self":[{"href":"https:\/\/amdagency.fr\/en\/wp-json\/wp\/v2\/pages\/2218","targetHints":{"allow":["GET"]}}],"collection":[{"href":"https:\/\/amdagency.fr\/en\/wp-json\/wp\/v2\/pages"}],"about":[{"href":"https:\/\/amdagency.fr\/en\/wp-json\/wp\/v2\/types\/page"}],"author":[{"embeddable":true,"href":"https:\/\/amdagency.fr\/en\/wp-json\/wp\/v2\/users\/1"}],"replies":[{"embeddable":true,"href":"https:\/\/amdagency.fr\/en\/wp-json\/wp\/v2\/comments?post=2218"}],"version-history":[{"count":5,"href":"https:\/\/amdagency.fr\/en\/wp-json\/wp\/v2\/pages\/2218\/revisions"}],"predecessor-version":[{"id":2238,"href":"https:\/\/amdagency.fr\/en\/wp-json\/wp\/v2\/pages\/2218\/revisions\/2238"}],"wp:attachment":[{"href":"https:\/\/amdagency.fr\/en\/wp-json\/wp\/v2\/media?parent=2218"}],"curies":[{"name":"wp","href":"https:\/\/api.w.org\/{rel}","templated":true}]}}